{"id":130,"date":"2016-07-24T16:54:53","date_gmt":"2016-07-24T16:54:53","guid":{"rendered":"http:\/\/www.gulfofmaine.org\/public\/?page_id=130"},"modified":"2025-01-30T14:50:44","modified_gmt":"2025-01-30T14:50:44","slug":"events-documents","status":"publish","type":"page","link":"https:\/\/www.gulfofmaine.org\/public\/ecosystem-indicator-partnership\/events-documents\/","title":{"rendered":"Events &#038; Documents"},"content":{"rendered":"<p>[et_pb_section admin_label=&#8221;section&#8221;][et_pb_row admin_label=&#8221;row&#8221;][et_pb_column type=&#8221;2_3&#8243;][et_pb_post_title admin_label=&#8221;Page title&#8221; title=&#8221;on&#8221; meta=&#8221;off&#8221; author=&#8221;on&#8221; date=&#8221;on&#8221; categories=&#8221;on&#8221; comments=&#8221;on&#8221; featured_image=&#8221;off&#8221; featured_placement=&#8221;below&#8221; parallax_effect=&#8221;on&#8221; parallax_method=&#8221;on&#8221; text_orientation=&#8221;center&#8221; text_color=&#8221;dark&#8221; text_background=&#8221;off&#8221; text_bg_color=&#8221;rgba(255,255,255,0.9)&#8221; module_bg_color=&#8221;rgba(255,255,255,0)&#8221; title_all_caps=&#8221;off&#8221; use_border_color=&#8221;off&#8221; border_color=&#8221;#ffffff&#8221; border_style=&#8221;solid&#8221;]<\/p>\n<p>&nbsp;<\/p>\n<p>[\/et_pb_post_title][et_pb_text admin_label=&#8221;Page text&#8221; background_layout=&#8221;light&#8221; text_orientation=&#8221;left&#8221; use_border_color=&#8221;off&#8221; border_color=&#8221;#ffffff&#8221; border_style=&#8221;solid&#8221;]<\/p>\n<h3><a name=\"events\"><\/a>Events<\/h3>\n<ul>\n<li>ESIP held its annual Steering Committee meeting on June 10, 2013 in Boston, Massachusetts. Members took the opportunity to map out the intended path for ESIP 2.0 and wrapping up ESIP 1.0.<\/li>\n<li>ESIP&#8217;s annual Steering Committee meeting took place on March 16, 2012 in Boston, Massachusetts. Invitees included individuals from other GOMC committees whose work intersects with ESIP&#8217;s.<\/li>\n<li>ESIP held a webtool workshop at the 2011 Bay of Fundy Ecosystem Partnership meeting in Saint John, New Brunswick on September 28. Participants were asked to provide evaluation on ESIP&#8217;s webtools and guidance on future changes.<\/li>\n<li>ESIP held a joint webtool workshop with the Northeastern Regional Association of Coastal and Ocean Observing Systems (NERACOOS) on April 7, 2011 in Rye, New Hampshire. Participants were asked to provide feedback on ways to improve on the delivery of information for the Gulf of Maine.<\/li>\n<\/ul>\n<h3><a name=\"documents\"><\/a>Documents<\/h3>\n<ul>\n<li><a href=\"https:\/\/www.gulfofmaine.org\/esip\/docs\/esipstrategy.pdf\">A Strategy for Gulf of Maine Ecosystem Indicators and State of the Environment Reporting (PDF, 344 KB)<\/a><\/li>\n<li><a href=\"https:\/\/www.gulfofmaine.org\/esip\/docs\/esiplistening.pdf\">Gulf of Maine Indicators: Final Report of Listening Sessions and Evaluation of Tides of Change Report (PDF, 327 KB)<\/a><\/li>\n<li><a href=\"https:\/\/www.gulfofmaine.org\/esip\/docs\/esipsummarydocument.pdf\">One-page summary (PDF, 32 KB)<\/a> of the two documents listed above<\/li>\n<li><a href=\"https:\/\/www.gulfofmaine.org\/esip\/docs\/In%20Transboundary%20Gulf%20Of%20Maine%20CZC%202008%20final.doc\">In Transboundary Gulf of Maine: Environmental Indicators Bring Tide of Change for Coastal and Ocean Managers (DOC, 112 KB)<\/a><\/li>\n<li><a href=\"https:\/\/www.gulfofmaine.org\/esip\/docs\/E43%20abstract.doc\">E43 \u2013 In Transboundary Gulf of Maine: Environmental Indicators Bring Tide of Change for Coastal and Ocean Managers(Abstract) (DOC, 112 KB)<\/a> Reference info for the two documents above: CZC 2008\/ZCC 2008 and CCC 2008Managing our Oceans and Coastal for a Sustainable and Prosperous Future\/G\u00c9RER NOS OC\u00c9ANS ET ZONESC\u00d4TI\u00c8RES POUR UN AVENIR DURABLE ET PROSP\u00c8REAbstracts and Papers\/Les r\u00e9sum\u00e9s et les PapiersUniversity of British Columbia\/Universit\u00e9 de Colombie-BritanniqueVancouver, BC Canada\/ Vancouver, C-B, Canada25-29 mai 2008<\/li>\n<\/ul>\n<p>[\/et_pb_text][\/et_pb_column][et_pb_column type=&#8221;1_3&#8243;][et_pb_search admin_label=&#8221;Search&#8221; background_layout=&#8221;light&#8221; text_orientation=&#8221;left&#8221; exclude_pages=&#8221;off&#8221; exclude_posts=&#8221;off&#8221; include_categories=&#8221;18,2,17,21,11,1&#8243; hide_button=&#8221;off&#8221;]<\/p>\n<p>&nbsp;<\/p>\n<p>[\/et_pb_search][et_pb_text admin_label=&#8221;Quick links title&#8221; background_layout=&#8221;light&#8221; text_orientation=&#8221;left&#8221; use_border_color=&#8221;off&#8221; border_color=&#8221;#ffffff&#8221; border_style=&#8221;solid&#8221;]<\/p>\n<h2 style=\"text-align: center;\">Quick Links<\/h2>\n<p>[\/et_pb_text][et_pb_text admin_label=&#8221;Quick links list&#8221; background_layout=&#8221;light&#8221; text_orientation=&#8221;left&#8221; use_border_color=&#8221;off&#8221; border_color=&#8221;#ffffff&#8221; border_style=&#8221;solid&#8221; module_class=&#8221;gomc-quick-links&#8221;]<\/p>\n<p><strong><a href=\"\/public\/ecosystem-indicator-partnership\/\">EcoSystem Indicator Reporting Program Home<\/a><\/strong><\/p>\n<ul>\n<li><a href=\"\/public\/ecosystem-indicator-partnership\/\">Overview<\/a><\/li>\n<li><a href=\"\/public\/ecosystem-indicator-partnership\/vision-statement\/\">Vision Statement<\/a><\/li>\n<li><a href=\"\/public\/ecosystem-indicator-partnership\/fact-sheets\/\">Fact Sheets<\/a><\/li>\n<li><a href=\"\/public\/ecosystem-indicator-partnership\/events-documents\/\">Events &amp; Documents<\/a><!--li><a href=\"\/public\/ecosystem-indicator-partnership\/highlights\/\">Highlights<\/a><\/li--><\/li>\n<li><a href=\"http:\/\/www2.gulfofmaine.org\/esip\/reporting\/gmap2.php\" target=\"_blank\" rel=\"noopener\">Indicator Reporting Tool<\/a><\/li>\n<li><a href=\"\/public\/ecosystem-indicator-partnership\/monitoring-map\/\">Monitoring Map<\/a><\/li>\n<li><a href=\"\/public\/ecosystem-indicator-partnership\/data\/\">Data<\/a><\/li>\n<li><a href=\"\/public\/ecosystem-indicator-partnership\/monthly-journals\/\">Monthly Journals<\/a><\/li>\n<\/ul>\n<p>[\/et_pb_text][\/et_pb_column][\/et_pb_row][\/et_pb_section][et_pb_section admin_label=&#8221;Section&#8221; global_module=&#8221;2958&#8243; fullwidth=&#8221;off&#8221; specialty=&#8221;off&#8221; transparent_background=&#8221;off&#8221; background_color=&#8221;#ffffff&#8221; allow_player_pause=&#8221;off&#8221; inner_shadow=&#8221;off&#8221; parallax=&#8221;off&#8221; parallax_method=&#8221;off&#8221; custom_padding=&#8221;0px||25px|&#8221; padding_mobile=&#8221;off&#8221; make_fullwidth=&#8221;off&#8221; use_custom_width=&#8221;off&#8221; width_unit=&#8221;on&#8221; make_equal=&#8221;off&#8221; use_custom_gutter=&#8221;off&#8221; module_id=&#8221;gom2023-footer-section&#8221; custom_css_main_element=&#8221;background: #222 !important; ||background-color: #222 !important; &#8220;][et_pb_row global_parent=&#8221;2958&#8243; admin_label=&#8221;Row&#8221; make_fullwidth=&#8221;off&#8221; use_custom_width=&#8221;off&#8221; width_unit=&#8221;on&#8221; use_custom_gutter=&#8221;off&#8221; padding_mobile=&#8221;off&#8221; allow_player_pause=&#8221;off&#8221; parallax=&#8221;off&#8221; parallax_method=&#8221;off&#8221; make_equal=&#8221;off&#8221; parallax_1=&#8221;off&#8221; parallax_method_1=&#8221;off&#8221; parallax_2=&#8221;off&#8221; parallax_method_2=&#8221;off&#8221; parallax_3=&#8221;off&#8221; parallax_method_3=&#8221;off&#8221; column_padding_mobile=&#8221;on&#8221; module_class=&#8221;gom2023-footer-row&#8221; module_class_1=&#8221;gom2023-footer-col gom2023-footer-2third-col&#8221; module_class_2=&#8221;gom2023-footer-col gom2023-footer-1third-col&#8221; module_class_3=&#8221;gom2023-footer-col gom2023-footer-1third-col&#8221; custom_css_main_element=&#8221;background: #222 !important; ||background-color: #222 !important; &#8220;][et_pb_column type=&#8221;1_2&#8243;][et_pb_image global_parent=&#8221;2958&#8243; admin_label=&#8221;Logo Image&#8221; src=&#8221;\/public\/wp-content\/uploads\/2023\/12\/logo-gomc-esip-1-invert.png&#8221; show_in_lightbox=&#8221;off&#8221; url_new_window=&#8221;off&#8221; use_overlay=&#8221;off&#8221; animation=&#8221;left&#8221; sticky=&#8221;off&#8221; align=&#8221;left&#8221; force_fullwidth=&#8221;off&#8221; always_center_on_mobile=&#8221;on&#8221; use_border_color=&#8221;off&#8221; border_color=&#8221;#ffffff&#8221; border_style=&#8221;solid&#8221;] [\/et_pb_image][\/et_pb_column][et_pb_column type=&#8221;1_4&#8243;][et_pb_text global_parent=&#8221;2958&#8243; admin_label=&#8221;Menu Text&#8221; background_layout=&#8221;light&#8221; text_orientation=&#8221;left&#8221; use_border_color=&#8221;off&#8221; border_color=&#8221;#ffffff&#8221; border_style=&#8221;solid&#8221;]<\/p>\n<h3><a href=\"\/public\/ecosystem-indicator-partnership\/\">ESIP Home<\/a><\/h3>\n<p>&nbsp;<\/p>\n<h3><a href=\"\/public\/ecosystem-indicator-partnership\/vision-statement\/\">Vision<\/a><\/h3>\n<p>&nbsp;<\/p>\n<h3><a href=\"\/public\/ecosystem-indicator-partnership\/fact-sheets\/\">Fact Sheets<\/a><\/h3>\n<p>[\/et_pb_text][\/et_pb_column][et_pb_column type=&#8221;1_4&#8243;][et_pb_text global_parent=&#8221;2958&#8243; admin_label=&#8221;Menu Text&#8221; background_layout=&#8221;light&#8221; text_orientation=&#8221;left&#8221; use_border_color=&#8221;off&#8221; border_color=&#8221;#ffffff&#8221; border_style=&#8221;solid&#8221;]<\/p>\n<h3><a href=\"\/public\/ecosystem-indicator-partnership\/events-documents\/\">Events &amp; Documents<\/a><\/h3>\n<p>&nbsp;<\/p>\n<h3><a href=\"\/public\/ecosystem-indicator-partnership\/feedback\/\">Feedback<\/a><\/h3>\n<p>[\/et_pb_text][\/et_pb_column][\/et_pb_row][\/et_pb_section]<\/p>\n","protected":false},"excerpt":{"rendered":"<p>&nbsp; Events ESIP held its annual Steering Committee meeting on June 10, 2013 in Boston, Massachusetts. Members took the opportunity to map out the intended path for ESIP 2.0 and wrapping up ESIP 1.0. ESIP&#8217;s annual Steering Committee meeting took place on March 16, 2012 in Boston, Massachusetts. Invitees included individuals from other GOMC committees [&hellip;]<\/p>\n","protected":false},"author":1,"featured_media":0,"parent":122,"menu_order":3,"comment_status":"closed","ping_status":"closed","template":"","meta":{"_et_pb_use_builder":"on","_et_pb_old_content":"","_et_gb_content_width":""},"categories":[8],"tags":[42,43],"_links":{"self":[{"href":"https:\/\/www.gulfofmaine.org\/public\/wp-json\/wp\/v2\/pages\/130"}],"collection":[{"href":"https:\/\/www.gulfofmaine.org\/public\/wp-json\/wp\/v2\/pages"}],"about":[{"href":"https:\/\/www.gulfofmaine.org\/public\/wp-json\/wp\/v2\/types\/page"}],"author":[{"embeddable":true,"href":"https:\/\/www.gulfofmaine.org\/public\/wp-json\/wp\/v2\/users\/1"}],"replies":[{"embeddable":true,"href":"https:\/\/www.gulfofmaine.org\/public\/wp-json\/wp\/v2\/comments?post=130"}],"version-history":[{"count":9,"href":"https:\/\/www.gulfofmaine.org\/public\/wp-json\/wp\/v2\/pages\/130\/revisions"}],"predecessor-version":[{"id":3203,"href":"https:\/\/www.gulfofmaine.org\/public\/wp-json\/wp\/v2\/pages\/130\/revisions\/3203"}],"up":[{"embeddable":true,"href":"https:\/\/www.gulfofmaine.org\/public\/wp-json\/wp\/v2\/pages\/122"}],"wp:attachment":[{"href":"https:\/\/www.gulfofmaine.org\/public\/wp-json\/wp\/v2\/media?parent=130"}],"wp:term":[{"taxonomy":"category","embeddable":true,"href":"https:\/\/www.gulfofmaine.org\/public\/wp-json\/wp\/v2\/categories?post=130"},{"taxonomy":"post_tag","embeddable":true,"href":"https:\/\/www.gulfofmaine.org\/public\/wp-json\/wp\/v2\/tags?post=130"}],"curies":[{"name":"wp","href":"https:\/\/api.w.org\/{rel}","templated":true}]}}